{"id":8,"date":"2026-03-18T13:20:19","date_gmt":"2026-03-18T13:20:19","guid":{"rendered":"https:\/\/metsaammattilaiset.fi\/?page_id=8"},"modified":"2026-03-27T12:32:47","modified_gmt":"2026-03-27T10:32:47","slug":"metsaammattilaiset","status":"publish","type":"page","link":"https:\/\/metsaammattilaiset.fi\/","title":{"rendered":"METS\u00c4AMMATTILAISET"},"content":{"rendered":"\n<p>Tervetuloa mets\u00e4ammattilaisten verkoston nettisivuille. Mets\u00e4ammattilaisten verkosto on nimens\u00e4 mukaisesti mets\u00e4ammattilaisten verkosto. Verkoston tarkoituksena on lis\u00e4t\u00e4 ihmisten tietoisuutta mets\u00e4alasta ja metsien k\u00e4yt\u00f6st\u00e4 Suomessa. Lis\u00e4ksi verkosto pyrkii oikaisemaan uutisoinnissa esiintyvi\u00e4 virheellisyyksi\u00e4 tiedottamalla, ottamalla kantaa ja pyyt\u00e4m\u00e4ll\u00e4 oikaisuja.<\/p>\n\n\n\n<p class=\"is-style-text-subtitle is-style-text-subtitle--1\"><strong>Mets\u00e4ammattilaisten identiteetti<\/strong><\/p>\n\n\n\n<p>Mets\u00e4keskustelussa on tavallista, ett\u00e4 mets\u00e4ammattilaiset ja heid\u00e4n ty\u00f6ns\u00e4 liitet\u00e4\u00e4n mets\u00e4teollisuuteen. Jopa joillakin mets\u00e4alan tutkijoilla on muodostunut t\u00e4llainen virheellinen k\u00e4sitys. Mets\u00e4ammattilaiset ty\u00f6skentelev\u00e4t metsiss\u00e4, metsien parissa. He suunnittelevat ja toteuttavat toimenpiteit\u00e4 mets\u00e4luonnossa, jotta mets\u00e4teollisuus saisi puuta jalostettavaksi ja jotta mets\u00e4luonto voisi mahdollisimman hyvin. He eiv\u00e4t ole sellun tai paperin valmistajia tai sahureita. Mets\u00e4ammattilaisten juuret ovat syv\u00e4ll\u00e4 suomalaisessa mets\u00e4ss\u00e4. <\/p>\n\n\n\n<p>Mets\u00e4ammattilaisten verkoston yksi t\u00e4rkeimmist\u00e4 tavoitteista on saada mets\u00e4ammattilaisten ammatti-identiteetti kirkastettua suurelle yleis\u00f6lle, medialle ja p\u00e4\u00e4t\u00f6ksentekij\u00f6ille. <\/p>\n\n\n\n<p class=\"is-style-text-subtitle is-style-text-subtitle--2\">Mukaan verkostoon<\/p>\n\n\n\n<p>Voit hakea j\u00e4senyytt\u00e4 mets\u00e4alan ammattilaisten verkostoon t\u00e4ytt\u00e4m\u00e4ll\u00e4 t\u00e4m\u00e4n <a href=\"https:\/\/docs.google.com\/forms\/d\/e\/1FAIpQLSfAiuglWp9eif9YUp93cV80WN5hRtB8MSHdWB7glSFlCB648g\/viewform\">lomakkeen<\/a>. <\/p>\n\n\n\n<p>Lis\u00e4tietoja verkostosta ja sen tulevasta toiminnasta saa s\u00e4hk\u00f6postilla info@metsammattilaiset.fi<\/p>\n\n\n\n<p><\/p>\n\n\n\n<p>Voit tilata mets\u00e4ammattilaisten verkoston uutiskirjeen alla olevalla lomakkeella.<\/p>\n\n\n<style id=\"wpforms-css-vars-122-block-d1ee0ddc-0b1f-44f9-afdb-6bf2d39e406b\">\n\t\t\t\t#wpforms-122.wpforms-block-d1ee0ddc-0b1f-44f9-afdb-6bf2d39e406b {\n\t\t\t\t--wpforms-field-size-input-height: 43px;\n--wpforms-field-size-input-spacing: 15px;\n--wpforms-field-size-font-size: 16px;\n--wpforms-field-size-line-height: 19px;\n--wpforms-field-size-padding-h: 14px;\n--wpforms-field-size-checkbox-size: 16px;\n--wpforms-field-size-sublabel-spacing: 5px;\n--wpforms-field-size-icon-size: 1;\n--wpforms-label-size-font-size: 16px;\n--wpforms-label-size-line-height: 19px;\n--wpforms-label-size-sublabel-font-size: 14px;\n--wpforms-label-size-sublabel-line-height: 17px;\n--wpforms-button-size-font-size: 17px;\n--wpforms-button-size-height: 41px;\n--wpforms-button-size-padding-h: 15px;\n--wpforms-button-size-margin-top: 10px;\n\t\t\t}\n\t\t\t<\/style><div class=\"wpforms-container wpforms-container-full wpforms-block wpforms-block-d1ee0ddc-0b1f-44f9-afdb-6bf2d39e406b wpforms-render-modern\" id=\"wpforms-122\"><form id=\"wpforms-form-122\" class=\"wpforms-validate wpforms-form wpforms-ajax-form\" data-formid=\"122\" method=\"post\" enctype=\"multipart\/form-data\" action=\"\/index.php\/wp-json\/wp\/v2\/pages\/8\" data-token=\"f50dadd724090ca29d6c3912e1d86bef\" data-token-time=\"1775415025\"><noscript class=\"wpforms-error-noscript\">Please enable JavaScript in your browser to complete this form.<\/noscript><div id=\"wpforms-error-noscript\" style=\"display: none;\">Please enable JavaScript in your browser to complete this form.<\/div><div class=\"wpforms-field-container\"><div id=\"wpforms-122-field_1-container\" class=\"wpforms-field wpforms-field-name\" data-field-id=\"1\"><fieldset><legend class=\"wpforms-field-label\">Nimi <span class=\"wpforms-required-label\" aria-hidden=\"true\">*<\/span><\/legend><div class=\"wpforms-field-row wpforms-field-medium\"><div class=\"wpforms-field-row-block wpforms-first wpforms-one-half\"><input type=\"text\" id=\"wpforms-122-field_1\" class=\"wpforms-field-name-first wpforms-field-required\" name=\"wpforms[fields][1][first]\" aria-errormessage=\"wpforms-122-field_1-error\" aria-describedby=\"wpforms-122-field_1-description\" required><label for=\"wpforms-122-field_1\" class=\"wpforms-field-sublabel after\">First<\/label><\/div><div class=\"wpforms-field-row-block wpforms-one-half\"><input type=\"text\" id=\"wpforms-122-field_1-last\" class=\"wpforms-field-name-last wpforms-field-required\" name=\"wpforms[fields][1][last]\" aria-errormessage=\"wpforms-122-field_1-last-error\" aria-describedby=\"wpforms-122-field_1-description\" required><label for=\"wpforms-122-field_1-last\" class=\"wpforms-field-sublabel after\">Last<\/label><\/div><\/div><div id=\"wpforms-122-field_1-description\" class=\"wpforms-field-description\">T\u00e4ytt\u00e4m\u00e4l\u00e4 ja l\u00e4hett\u00e4m\u00e4ll\u00e4 lomakkeen saan mets\u00e4ammattilaisten verkoston uutiskirjeet s\u00e4hk\u00f6postiini. Samalla sitoudun tietojeni k\u00e4sittelyyn tietosuojaselosteen mukaisesti.<\/div><\/fieldset><\/div>\t\t<div id=\"wpforms-122-field_3-container\"\n\t\t\tclass=\"wpforms-field wpforms-field-text\"\n\t\t\tdata-field-type=\"text\"\n\t\t\tdata-field-id=\"3\"\n\t\t\t>\n\t\t\t<label class=\"wpforms-field-label\" for=\"wpforms-122-field_3\" >Nimi S\u00e4hk\u00f6posti<\/label>\n\t\t\t<input type=\"text\" id=\"wpforms-122-field_3\" class=\"wpforms-field-medium\" name=\"wpforms[fields][3]\" >\n\t\t<\/div>\n\t\t<div id=\"wpforms-122-field_2-container\" class=\"wpforms-field wpforms-field-email\" data-field-id=\"2\"><label class=\"wpforms-field-label\" for=\"wpforms-122-field_2\">S\u00e4hk\u00f6posti <span class=\"wpforms-required-label\" aria-hidden=\"true\">*<\/span><\/label><input type=\"email\" id=\"wpforms-122-field_2\" class=\"wpforms-field-medium wpforms-field-required\" name=\"wpforms[fields][2]\" spellcheck=\"false\" aria-errormessage=\"wpforms-122-field_2-error\" required><\/div><script>\n\t\t\t\t( function() {\n\t\t\t\t\tconst style = document.createElement( 'style' );\n\t\t\t\t\tstyle.appendChild( document.createTextNode( '#wpforms-122-field_3-container { position: absolute !important; overflow: hidden !important; display: inline !important; height: 1px !important; width: 1px !important; z-index: -1000 !important; padding: 0 !important; } #wpforms-122-field_3-container input { visibility: hidden; } #wpforms-conversational-form-page #wpforms-122-field_3-container label { counter-increment: none; }' ) );\n\t\t\t\t\tdocument.head.appendChild( style );\n\t\t\t\t\tdocument.currentScript?.remove();\n\t\t\t\t} )();\n\t\t\t<\/script><\/div><!-- .wpforms-field-container --><div class=\"wpforms-submit-container\" ><input type=\"hidden\" name=\"wpforms[id]\" value=\"122\"><input type=\"hidden\" name=\"page_title\" value=\"\"><input type=\"hidden\" name=\"page_url\" value=\"https:\/\/metsaammattilaiset.fi\/index.php\/wp-json\/wp\/v2\/pages\/8\"><input type=\"hidden\" name=\"url_referer\" value=\"\"><button type=\"submit\" name=\"wpforms[submit]\" id=\"wpforms-submit-122\" class=\"wpforms-submit\" data-alt-text=\"Tilausta k\u00e4sitell\u00e4\u00e4n...\" data-submit-text=\"Tilaa\" aria-live=\"assertive\" value=\"wpforms-submit\">Tilaa<\/button><img loading=\"lazy\" decoding=\"async\" src=\"https:\/\/metsaammattilaiset.fi\/wp-content\/plugins\/wpforms-lite\/assets\/images\/submit-spin.svg\" class=\"wpforms-submit-spinner\" style=\"display: none;\" width=\"26\" height=\"26\" alt=\"Loading\"><\/div><\/form><\/div>  <!-- .wpforms-container -->\n\n\n<p>Sivustoa kehitet\u00e4\u00e4n!<\/p>\n\n\n\n<p><\/p>\n\n\n<div class=\"is-default-size wp-block-site-logo\"><a href=\"https:\/\/metsaammattilaiset.fi\/\" class=\"custom-logo-link\" rel=\"home\"><img loading=\"lazy\" decoding=\"async\" width=\"736\" height=\"736\" src=\"https:\/\/metsaammattilaiset.fi\/wp-content\/uploads\/2026\/03\/Metsaasiantuntijat-logo-2.jpg\" class=\"custom-logo\" alt=\"Mets\u00e4ammattilaiset\" srcset=\"https:\/\/metsaammattilaiset.fi\/wp-content\/uploads\/2026\/03\/Metsaasiantuntijat-logo-2.jpg 736w, https:\/\/metsaammattilaiset.fi\/wp-content\/uploads\/2026\/03\/Metsaasiantuntijat-logo-2-300x300.jpg 300w, https:\/\/metsaammattilaiset.fi\/wp-content\/uploads\/2026\/03\/Metsaasiantuntijat-logo-2-150x150.jpg 150w\" sizes=\"auto, (max-width: 736px) 100vw, 736px\" \/><\/a><\/div>\n\n\n<p><\/p>\n","protected":false},"excerpt":{"rendered":"<p>Tervetuloa mets\u00e4ammattilaisten verkoston nettisivuille. Mets\u00e4ammattilaisten verkosto on nimens\u00e4 mukaisesti mets\u00e4ammattilaisten verkosto. Verkoston tarkoituksena on lis\u00e4t\u00e4 ihmisten tietoisuutta mets\u00e4alasta ja metsien k\u00e4yt\u00f6st\u00e4 Suomessa. Lis\u00e4ksi verkosto pyrkii oikaisemaan uutisoinnissa esiintyvi\u00e4 virheellisyyksi\u00e4 tiedottamalla, ottamalla kantaa ja pyyt\u00e4m\u00e4ll\u00e4 oikaisuja. Mets\u00e4ammattilaisten identiteetti Mets\u00e4keskustelussa on tavallista, ett\u00e4 mets\u00e4ammattilaiset ja heid\u00e4n ty\u00f6ns\u00e4 liitet\u00e4\u00e4n mets\u00e4teollisuuteen. Jopa joillakin mets\u00e4alan tutkijoilla on muodostunut t\u00e4llainen virheellinen [&hellip;]<\/p>\n","protected":false},"author":1,"featured_media":9,"parent":0,"menu_order":0,"comment_status":"open","ping_status":"closed","template":"","meta":{"footnotes":""},"class_list":["post-8","page","type-page","status-publish","has-post-thumbnail","hentry"],"_links":{"self":[{"href":"https:\/\/metsaammattilaiset.fi\/index.php\/wp-json\/wp\/v2\/pages\/8","targetHints":{"allow":["GET"]}}],"collection":[{"href":"https:\/\/metsaammattilaiset.fi\/index.php\/wp-json\/wp\/v2\/pages"}],"about":[{"href":"https:\/\/metsaammattilaiset.fi\/index.php\/wp-json\/wp\/v2\/types\/page"}],"author":[{"embeddable":true,"href":"https:\/\/metsaammattilaiset.fi\/index.php\/wp-json\/wp\/v2\/users\/1"}],"replies":[{"embeddable":true,"href":"https:\/\/metsaammattilaiset.fi\/index.php\/wp-json\/wp\/v2\/comments?post=8"}],"version-history":[{"count":5,"href":"https:\/\/metsaammattilaiset.fi\/index.php\/wp-json\/wp\/v2\/pages\/8\/revisions"}],"predecessor-version":[{"id":130,"href":"https:\/\/metsaammattilaiset.fi\/index.php\/wp-json\/wp\/v2\/pages\/8\/revisions\/130"}],"wp:featuredmedia":[{"embeddable":true,"href":"https:\/\/metsaammattilaiset.fi\/index.php\/wp-json\/wp\/v2\/media\/9"}],"wp:attachment":[{"href":"https:\/\/metsaammattilaiset.fi\/index.php\/wp-json\/wp\/v2\/media?parent=8"}],"curies":[{"name":"wp","href":"https:\/\/api.w.org\/{rel}","templated":true}]}}