{"id":72,"date":"2026-03-19T08:26:57","date_gmt":"2026-03-19T08:26:57","guid":{"rendered":"https:\/\/metsaammattilaiset.fi\/?page_id=72"},"modified":"2026-03-19T08:55:39","modified_gmt":"2026-03-19T08:55:39","slug":"lahjoita","status":"publish","type":"page","link":"https:\/\/metsaammattilaiset.fi\/index.php\/osallistu\/lahjoita\/","title":{"rendered":"Lahjoita"},"content":{"rendered":"\n<p><strong>Tee lahjoitus<\/strong><\/p>\n\n\n\n<p><strong>Kuukausituki<\/strong><\/p>\n\n\n\n<p><strong>Mihin varat k\u00e4ytet\u00e4\u00e4n<\/strong><\/p>\n\n\n\n<p><strong>L\u00e4pin\u00e4kyvyys \/ raportointi<\/strong><\/p>\n","protected":false},"excerpt":{"rendered":"<p>Tee lahjoitus Kuukausituki Mihin varat k\u00e4ytet\u00e4\u00e4n L\u00e4pin\u00e4kyvyys \/ raportointi<\/p>\n","protected":false},"author":1,"featured_media":0,"parent":91,"menu_order":0,"comment_status":"closed","ping_status":"closed","template":"","meta":{"footnotes":""},"class_list":["post-72","page","type-page","status-publish","hentry"],"_links":{"self":[{"href":"https:\/\/metsaammattilaiset.fi\/index.php\/wp-json\/wp\/v2\/pages\/72","targetHints":{"allow":["GET"]}}],"collection":[{"href":"https:\/\/metsaammattilaiset.fi\/index.php\/wp-json\/wp\/v2\/pages"}],"about":[{"href":"https:\/\/metsaammattilaiset.fi\/index.php\/wp-json\/wp\/v2\/types\/page"}],"author":[{"embeddable":true,"href":"https:\/\/metsaammattilaiset.fi\/index.php\/wp-json\/wp\/v2\/users\/1"}],"replies":[{"embeddable":true,"href":"https:\/\/metsaammattilaiset.fi\/index.php\/wp-json\/wp\/v2\/comments?post=72"}],"version-history":[{"count":1,"href":"https:\/\/metsaammattilaiset.fi\/index.php\/wp-json\/wp\/v2\/pages\/72\/revisions"}],"predecessor-version":[{"id":73,"href":"https:\/\/metsaammattilaiset.fi\/index.php\/wp-json\/wp\/v2\/pages\/72\/revisions\/73"}],"up":[{"embeddable":true,"href":"https:\/\/metsaammattilaiset.fi\/index.php\/wp-json\/wp\/v2\/pages\/91"}],"wp:attachment":[{"href":"https:\/\/metsaammattilaiset.fi\/index.php\/wp-json\/wp\/v2\/media?parent=72"}],"curies":[{"name":"wp","href":"https:\/\/api.w.org\/{rel}","templated":true}]}}