{"id":67,"date":"2026-03-19T08:31:36","date_gmt":"2026-03-19T08:31:36","guid":{"rendered":"https:\/\/metsaammattilaiset.fi\/?page_id=67"},"modified":"2026-03-27T13:06:01","modified_gmt":"2026-03-27T11:06:01","slug":"blogi","status":"publish","type":"page","link":"https:\/\/metsaammattilaiset.fi\/index.php\/ajankohtaista\/blogi\/","title":{"rendered":"Mets\u00e4ammattilaisten blogi"},"content":{"rendered":"\n<p>Mets\u00e4ammattilaisten blogissa julkaistaan mets\u00e4ammattilaisten kirjoituksia ja heid\u00e4n omia blogisivustojaan. Aiheet voivat olla l\u00e4hes mit\u00e4 vain. Ne voivat kertoa arkity\u00f6st\u00e4, perheest\u00e4, ty\u00f6v\u00e4lineist\u00e4, luontohavainnoista, ilmastovaikutuksista tai vaikkapa harrastuksista. Mets\u00e4ammattilaisten verkoston tarkoitus on tuoda esille ihmisi\u00e4 tarinoiden ja uutisten takaa tutuksi ihmisille.<\/p>\n","protected":false},"excerpt":{"rendered":"<p>Mets\u00e4ammattilaisten blogissa julkaistaan mets\u00e4ammattilaisten kirjoituksia ja heid\u00e4n omia blogisivustojaan. Aiheet voivat olla l\u00e4hes mit\u00e4 vain. Ne voivat kertoa arkity\u00f6st\u00e4, perheest\u00e4, ty\u00f6v\u00e4lineist\u00e4, luontohavainnoista, ilmastovaikutuksista tai vaikkapa harrastuksista. Mets\u00e4ammattilaisten verkoston tarkoitus on tuoda esille ihmisi\u00e4 tarinoiden ja uutisten takaa tutuksi ihmisille.<\/p>\n","protected":false},"author":1,"featured_media":139,"parent":64,"menu_order":0,"comment_status":"closed","ping_status":"closed","template":"","meta":{"footnotes":""},"class_list":["post-67","page","type-page","status-publish","has-post-thumbnail","hentry"],"_links":{"self":[{"href":"https:\/\/metsaammattilaiset.fi\/index.php\/wp-json\/wp\/v2\/pages\/67","targetHints":{"allow":["GET"]}}],"collection":[{"href":"https:\/\/metsaammattilaiset.fi\/index.php\/wp-json\/wp\/v2\/pages"}],"about":[{"href":"https:\/\/metsaammattilaiset.fi\/index.php\/wp-json\/wp\/v2\/types\/page"}],"author":[{"embeddable":true,"href":"https:\/\/metsaammattilaiset.fi\/index.php\/wp-json\/wp\/v2\/users\/1"}],"replies":[{"embeddable":true,"href":"https:\/\/metsaammattilaiset.fi\/index.php\/wp-json\/wp\/v2\/comments?post=67"}],"version-history":[{"count":3,"href":"https:\/\/metsaammattilaiset.fi\/index.php\/wp-json\/wp\/v2\/pages\/67\/revisions"}],"predecessor-version":[{"id":138,"href":"https:\/\/metsaammattilaiset.fi\/index.php\/wp-json\/wp\/v2\/pages\/67\/revisions\/138"}],"up":[{"embeddable":true,"href":"https:\/\/metsaammattilaiset.fi\/index.php\/wp-json\/wp\/v2\/pages\/64"}],"wp:featuredmedia":[{"embeddable":true,"href":"https:\/\/metsaammattilaiset.fi\/index.php\/wp-json\/wp\/v2\/media\/139"}],"wp:attachment":[{"href":"https:\/\/metsaammattilaiset.fi\/index.php\/wp-json\/wp\/v2\/media?parent=67"}],"curies":[{"name":"wp","href":"https:\/\/api.w.org\/{rel}","templated":true}]}}