{"id":49,"date":"2026-03-19T08:17:37","date_gmt":"2026-03-19T08:17:37","guid":{"rendered":"https:\/\/metsaammattilaiset.fi\/?page_id=49"},"modified":"2026-03-27T12:53:19","modified_gmt":"2026-03-27T10:53:19","slug":"metsien-ihmiset","status":"publish","type":"page","link":"https:\/\/metsaammattilaiset.fi\/index.php\/metsien-ihmiset\/","title":{"rendered":"Metsien ihmiset"},"content":{"rendered":"\n<p><strong>Keit\u00e4 me olemme<\/strong>?<\/p>\n\n\n\n<p>Me mets\u00e4ammattilaiset olemme tavallisia ihmisi\u00e4, jotka viihtyv\u00e4t metsiss\u00e4 niin paljon, ett\u00e4 olemme hakeutuneet mets\u00e4alalle t\u00f6ihin. Yleisin syy mets\u00e4alalle hakeutumiseen on rakkaus luontoon. Luontoharrastusten ja luonnossa vietetty vapaa-aika saa valitsemaan ammatin, jossa luonnosta voi nauttia my\u00f6s ty\u00f6kseen. Koulutus ja kokemus syvent\u00e4\u00e4 meid\u00e4n luontosuhdettamme tavalla, jonka vain mets\u00e4ammattilaiset voivat tiet\u00e4\u00e4. <\/p>\n\n\n\n<p>Me mets\u00e4ammattilaiset olemme ihan tavallisia isi\u00e4, \u00e4itej\u00e4, mummoja ja vaareja, tytt\u00e4ri\u00e4 ja poikia, jotka haluamme ihmisille ja planeetalle hyv\u00e4\u00e4. Ty\u00f6skentelemme monissa teht\u00e4viss\u00e4 mets\u00e4nhoidon, puunkorjuun ja logistiikan saralla. Mets\u00e4teollisuus jalostaa meid\u00e4n mets\u00e4ammattilaisten tuottamaa puuta ihmisten tarpeisiin, mutta sen ty\u00f6 alkaa vasta, kun meid\u00e4n ty\u00f6 on tehty.<\/p>\n\n\n\n<p>T\u00e4ll\u00e4 sivustolla esitell\u00e4\u00e4n meit\u00e4 mets\u00e4ammattilaisia ja meid\u00e4n arkea.<\/p>\n\n\n\n<p><a href=\"https:\/\/metsaammattilaiset.fi\/?page_id=52\" data-type=\"page\" data-id=\"52\">Mets\u00e4a<strong>mmattilaiset<\/strong><\/a><strong> (henkil\u00f6esittelyt)<\/strong><\/p>\n\n\n\n<ul class=\"wp-block-list\">\n<li>profiilit (kuva + tausta + kokemus)<\/li>\n<\/ul>\n\n\n\n<p><strong>Ammattiryhm\u00e4t<\/strong><\/p>\n\n\n\n<ul class=\"wp-block-list\">\n<li><a href=\"https:\/\/metsaammattilaiset.fi\/?page_id=53\" data-type=\"page\" data-id=\"53\">metsurit<\/a><\/li>\n\n\n\n<li><a href=\"https:\/\/metsaammattilaiset.fi\/?page_id=54\" data-type=\"page\" data-id=\"54\">mets\u00e4koneen kuljettajat<\/a><\/li>\n\n\n\n<li><a href=\"https:\/\/metsaammattilaiset.fi\/?page_id=55\" data-type=\"page\" data-id=\"55\">puutavara-auton kuljettajat<\/a><\/li>\n\n\n\n<li><a href=\"https:\/\/metsaammattilaiset.fi\/?page_id=56\" data-type=\"page\" data-id=\"56\">mets\u00e4inssit ja mets\u00e4nhoitajat<\/a><\/li>\n\n\n\n<li><a href=\"https:\/\/metsaammattilaiset.fi\/?page_id=57\" data-type=\"page\" data-id=\"57\">biologit<\/a><\/li>\n\n\n\n<li><a href=\"https:\/\/metsaammattilaiset.fi\/?page_id=58\" data-type=\"page\" data-id=\"58\">koneurakoitsijat<\/a><\/li>\n\n\n\n<li><a href=\"https:\/\/metsaammattilaiset.fi\/?page_id=59\" data-type=\"page\" data-id=\"59\">mets\u00e4suunnittelijat<\/a><\/li>\n\n\n\n<li><a href=\"https:\/\/metsaammattilaiset.fi\/?page_id=60\" data-type=\"page\" data-id=\"60\">tutkijat<\/a><\/li>\n<\/ul>\n\n\n\n<p><strong><a href=\"https:\/\/metsaammattilaiset.fi\/?page_id=61\" data-type=\"page\" data-id=\"61\">Liity mets\u00e4ammattilaisten verkostoon<\/a><\/strong><\/p>\n\n\n\n<p><strong><a href=\"https:\/\/metsaammattilaiset.fi\/?page_id=62\" data-type=\"page\" data-id=\"62\">Yhteisty\u00f6kumppanit<\/a><\/strong><\/p>\n\n\n\n<p><\/p>\n","protected":false},"excerpt":{"rendered":"<p>Keit\u00e4 me olemme? Me mets\u00e4ammattilaiset olemme tavallisia ihmisi\u00e4, jotka viihtyv\u00e4t metsiss\u00e4 niin paljon, ett\u00e4 olemme hakeutuneet mets\u00e4alalle t\u00f6ihin. Yleisin syy mets\u00e4alalle hakeutumiseen on rakkaus luontoon. Luontoharrastusten ja luonnossa vietetty vapaa-aika saa valitsemaan ammatin, jossa luonnosta voi nauttia my\u00f6s ty\u00f6kseen. Koulutus ja kokemus syvent\u00e4\u00e4 meid\u00e4n luontosuhdettamme tavalla, jonka vain mets\u00e4ammattilaiset voivat tiet\u00e4\u00e4. Me mets\u00e4ammattilaiset olemme ihan [&hellip;]<\/p>\n","protected":false},"author":1,"featured_media":132,"parent":0,"menu_order":0,"comment_status":"closed","ping_status":"closed","template":"","meta":{"footnotes":""},"class_list":["post-49","page","type-page","status-publish","has-post-thumbnail","hentry"],"_links":{"self":[{"href":"https:\/\/metsaammattilaiset.fi\/index.php\/wp-json\/wp\/v2\/pages\/49","targetHints":{"allow":["GET"]}}],"collection":[{"href":"https:\/\/metsaammattilaiset.fi\/index.php\/wp-json\/wp\/v2\/pages"}],"about":[{"href":"https:\/\/metsaammattilaiset.fi\/index.php\/wp-json\/wp\/v2\/types\/page"}],"author":[{"embeddable":true,"href":"https:\/\/metsaammattilaiset.fi\/index.php\/wp-json\/wp\/v2\/users\/1"}],"replies":[{"embeddable":true,"href":"https:\/\/metsaammattilaiset.fi\/index.php\/wp-json\/wp\/v2\/comments?post=49"}],"version-history":[{"count":6,"href":"https:\/\/metsaammattilaiset.fi\/index.php\/wp-json\/wp\/v2\/pages\/49\/revisions"}],"predecessor-version":[{"id":136,"href":"https:\/\/metsaammattilaiset.fi\/index.php\/wp-json\/wp\/v2\/pages\/49\/revisions\/136"}],"wp:featuredmedia":[{"embeddable":true,"href":"https:\/\/metsaammattilaiset.fi\/index.php\/wp-json\/wp\/v2\/media\/132"}],"wp:attachment":[{"href":"https:\/\/metsaammattilaiset.fi\/index.php\/wp-json\/wp\/v2\/media?parent=49"}],"curies":[{"name":"wp","href":"https:\/\/api.w.org\/{rel}","templated":true}]}}