{"id":367,"date":"2026-04-30T13:43:03","date_gmt":"2026-04-30T11:43:03","guid":{"rendered":"https:\/\/metsaammattilaiset.fi\/?page_id=367"},"modified":"2026-04-30T13:43:05","modified_gmt":"2026-04-30T11:43:05","slug":"yhteystiedot","status":"publish","type":"page","link":"https:\/\/metsaammattilaiset.fi\/index.php\/yhteystiedot\/","title":{"rendered":"Yhteystiedot"},"content":{"rendered":"\n<p><strong>S\u00e4hk\u00f6posti <\/strong><\/p>\n\n\n\n<p><strong><a href=\"mailto:info@metsaammattilaiset.fi\">info@metsaammattilaiset.fi<\/a><\/strong><\/p>\n\n\n\n<p><strong>Mets\u00e4ammattilaiset:<\/strong><\/p>\n\n\n\n<div class=\"wp-block-media-text is-stacked-on-mobile\"><figure class=\"wp-block-media-text__media\"><img loading=\"lazy\" decoding=\"async\" width=\"1978\" height=\"1800\" src=\"https:\/\/metsaammattilaiset.fi\/wp-content\/uploads\/2026\/04\/Juri-Laurila-Etatyotoimisto.png\" alt=\"\" class=\"wp-image-188 size-full\" srcset=\"https:\/\/metsaammattilaiset.fi\/wp-content\/uploads\/2026\/04\/Juri-Laurila-Etatyotoimisto.png 1978w, https:\/\/metsaammattilaiset.fi\/wp-content\/uploads\/2026\/04\/Juri-Laurila-Etatyotoimisto-300x273.png 300w, https:\/\/metsaammattilaiset.fi\/wp-content\/uploads\/2026\/04\/Juri-Laurila-Etatyotoimisto-1024x932.png 1024w, https:\/\/metsaammattilaiset.fi\/wp-content\/uploads\/2026\/04\/Juri-Laurila-Etatyotoimisto-768x699.png 768w, https:\/\/metsaammattilaiset.fi\/wp-content\/uploads\/2026\/04\/Juri-Laurila-Etatyotoimisto-1536x1398.png 1536w\" sizes=\"auto, (max-width: 1978px) 100vw, 1978px\" \/><\/figure><div class=\"wp-block-media-text__content\">\n<p><strong>Verkostokoordinaattori<\/strong><\/p>\n\n\n\n<p>Juri Laurila<\/p>\n\n\n\n<p><a href=\"mailto:juri.laurila@metsammattilaiset.fi\">juri.laurila@metsaammattilaiset.fi <\/a><\/p>\n\n\n\n<p>+358 40 514 5000<\/p>\n<\/div><\/div>\n","protected":false},"excerpt":{"rendered":"<p>S\u00e4hk\u00f6posti info@metsaammattilaiset.fi Mets\u00e4ammattilaiset: Verkostokoordinaattori Juri Laurila juri.laurila@metsaammattilaiset.fi +358 40 514 5000<\/p>\n","protected":false},"author":2,"featured_media":0,"parent":0,"menu_order":0,"comment_status":"closed","ping_status":"closed","template":"","meta":{"_bbp_topic_count":0,"_bbp_reply_count":0,"_bbp_total_topic_count":0,"_bbp_total_reply_count":0,"_bbp_voice_count":0,"_bbp_anonymous_reply_count":0,"_bbp_topic_count_hidden":0,"_bbp_reply_count_hidden":0,"_bbp_forum_subforum_count":0,"site-sidebar-layout":"default","site-content-layout":"","ast-site-content-layout":"default","site-content-style":"default","site-sidebar-style":"default","ast-global-header-display":"","ast-banner-title-visibility":"","ast-main-header-display":"","ast-hfb-above-header-display":"","ast-hfb-below-header-display":"","ast-hfb-mobile-header-display":"","site-post-title":"","ast-breadcrumbs-content":"","ast-featured-img":"","footer-sml-layout":"","ast-disable-related-posts":"","theme-transparent-header-meta":"","adv-header-id-meta":"","stick-header-meta":"","header-above-stick-meta":"","header-main-stick-meta":"","header-below-stick-meta":"","astra-migrate-meta-layouts":"default","ast-page-background-enabled":"default","ast-page-background-meta":{"desktop":{"background-color":"var(--ast-global-color-5)","background-image":"","background-repeat":"repeat","background-position":"center center","background-size":"auto","background-attachment":"scroll","background-type":"","background-media":"","overlay-type":"","overlay-color":"","overlay-opacity":"","overlay-gradient":""},"tablet":{"background-color":"","background-image":"","background-repeat":"repeat","background-position":"center center","background-size":"auto","background-attachment":"scroll","background-type":"","background-media":"","overlay-type":"","overlay-color":"","overlay-opacity":"","overlay-gradient":""},"mobile":{"background-color":"","background-image":"","background-repeat":"repeat","background-position":"center center","background-size":"auto","background-attachment":"scroll","background-type":"","background-media":"","overlay-type":"","overlay-color":"","overlay-opacity":"","overlay-gradient":""}},"ast-content-background-meta":{"desktop":{"background-color":"var(--ast-global-color-4)","background-image":"","background-repeat":"repeat","background-position":"center center","background-size":"auto","background-attachment":"scroll","background-type":"","background-media":"","overlay-type":"","overlay-color":"","overlay-opacity":"","overlay-gradient":""},"tablet":{"background-color":"var(--ast-global-color-4)","background-image":"","background-repeat":"repeat","background-position":"center center","background-size":"auto","background-attachment":"scroll","background-type":"","background-media":"","overlay-type":"","overlay-color":"","overlay-opacity":"","overlay-gradient":""},"mobile":{"background-color":"var(--ast-global-color-4)","background-image":"","background-repeat":"repeat","background-position":"center center","background-size":"auto","background-attachment":"scroll","background-type":"","background-media":"","overlay-type":"","overlay-color":"","overlay-opacity":"","overlay-gradient":""}},"footnotes":""},"class_list":["post-367","page","type-page","status-publish","hentry"],"_links":{"self":[{"href":"https:\/\/metsaammattilaiset.fi\/index.php\/wp-json\/wp\/v2\/pages\/367","targetHints":{"allow":["GET"]}}],"collection":[{"href":"https:\/\/metsaammattilaiset.fi\/index.php\/wp-json\/wp\/v2\/pages"}],"about":[{"href":"https:\/\/metsaammattilaiset.fi\/index.php\/wp-json\/wp\/v2\/types\/page"}],"author":[{"embeddable":true,"href":"https:\/\/metsaammattilaiset.fi\/index.php\/wp-json\/wp\/v2\/users\/2"}],"replies":[{"embeddable":true,"href":"https:\/\/metsaammattilaiset.fi\/index.php\/wp-json\/wp\/v2\/comments?post=367"}],"version-history":[{"count":1,"href":"https:\/\/metsaammattilaiset.fi\/index.php\/wp-json\/wp\/v2\/pages\/367\/revisions"}],"predecessor-version":[{"id":368,"href":"https:\/\/metsaammattilaiset.fi\/index.php\/wp-json\/wp\/v2\/pages\/367\/revisions\/368"}],"wp:attachment":[{"href":"https:\/\/metsaammattilaiset.fi\/index.php\/wp-json\/wp\/v2\/media?parent=367"}],"curies":[{"name":"wp","href":"https:\/\/api.w.org\/{rel}","templated":true}]}}