{"id":343,"date":"2026-04-28T14:17:48","date_gmt":"2026-04-28T12:17:48","guid":{"rendered":"https:\/\/metsaammattilaiset.fi\/?page_id=343"},"modified":"2026-04-28T14:40:50","modified_gmt":"2026-04-28T12:40:50","slug":"jasenalue","status":"publish","type":"page","link":"https:\/\/metsaammattilaiset.fi\/index.php\/jasenalue\/","title":{"rendered":"Restricted content"},"content":{"rendered":"\n<p>J\u00e4senalueella l\u00f6yd\u00e4t ohjeita, joita noudattamalla voit tehokkaasti osallistua mets\u00e4ammattilaisten verkoston toimintaan. Keskustelu -osio on tarkoitettu p\u00e4\u00e4asiassa faktantarkastuksen ja konfliktikohteiden tietojen jakamisen k\u00e4ytt\u00f6\u00f6n.<\/p>\n\n\n\n<p>Mets\u00e4ammattilaisten foorumilla k\u00e4yd\u00e4\u00e4n keskusteluita Er\u00e4taukos\u00e4\u00e4ti\u00f6n luomien <a href=\"https:\/\/www.eratauko.fi\/kantoja-metsasta\/\">Kantoja mets\u00e4st\u00e4<\/a> -keskusteluohjeiden mukaisesti. Keskusteluiden odotetaan pysyv\u00e4n asiallisina ja toisia kunnioittavana. Pysy aiheessa, yrit\u00e4 ymm\u00e4rt\u00e4\u00e4 muita keskustelijoita, kerro omia havaintoja ja kokemuksia, anna tilaa erilaisille ajatuksilla ja keskener\u00e4isyydelle ja muista edelleen kunnioittaa toisia. Se tarkoittaa my\u00f6s muun muassa sit\u00e4, ett\u00e4 esimerkiksi toisen keskustelijan ajatusten sanoittaminen, herjaava kommentointi (my\u00f6s kysymysmuodossa) ja muiden mielipiteiden &#8220;arvailu&#8221; on tyystin kielletty\u00e4. Odotamme keskustelijoilta hyvi\u00e4 k\u00e4yt\u00f6stapoja ja erilaisten ajatusten suvaitsemista. Samaa mielt\u00e4 ei tarvitse olla, mutta muistetaan silti kommentoida vain omia ajatuksia. Joskus voi vain todeta, ett\u00e4 yhteist\u00e4 n\u00e4kemyst\u00e4 ei l\u00f6ydy.<\/p>\n\n\n\n<p><strong>Keskustelu ei ole kilpailu oikeassa olemisesta<\/strong>.<\/p>\n\n\n\n<div id=\"bbpress-forums\" class=\"bbpress-wrapper\">\n\n\t\n\t<div class=\"bbp-search-form\">\n\t\t<form role=\"search\" method=\"get\" id=\"bbp-search-form\">\n\t\t\t<div>\n\t\t\t\t<label class=\"screen-reader-text hidden\" for=\"bbp_search\">Etsi:<\/label>\n\t\t\t\t<input type=\"hidden\" name=\"action\" value=\"bbp-search-request\" \/>\n\t\t\t\t<input type=\"text\" value=\"\" name=\"bbp_search\" id=\"bbp_search\" \/>\n\t\t\t\t<input class=\"button\" type=\"submit\" id=\"bbp_search_submit\" value=\"Etsi\" \/>\n\t\t\t<\/div>\n\t\t<\/form>\n\t<\/div>\n\n\n\t<div class=\"bbp-breadcrumb\"><p><a href=\"https:\/\/metsaammattilaiset.fi\" class=\"bbp-breadcrumb-home\">METS\u00c4AMMATTILAISET<\/a> <span class=\"bbp-breadcrumb-sep\">&rsaquo;<\/span> <span class=\"bbp-breadcrumb-current\">Foorumit<\/span><\/p><\/div>\n\t\n\t\n\t\n\t\t\n<ul id=\"forums-list-0\" class=\"bbp-forums\">\n\n\t<li class=\"bbp-header\">\n\n\t\t<ul class=\"forum-titles\">\n\t\t\t<li class=\"bbp-forum-info\">Foorumi<\/li>\n\t\t\t<li class=\"bbp-forum-topic-count\">Aiheet<\/li>\n\t\t\t<li class=\"bbp-forum-reply-count\">Artikkelit<\/li>\n\t\t\t<li class=\"bbp-forum-freshness\">Viimeisin julkasu<\/li>\n\t\t<\/ul>\n\n\t<\/li><!-- .bbp-header -->\n\n\t<li class=\"bbp-body\">\n\n\t\t\n\t\t\t\n<ul id=\"bbp-forum-243\" class=\"loop-item-0 bbp-forum-status-open bbp-forum-visibility-publish odd  post-243 forum type-forum status-publish hentry\">\n\t<li class=\"bbp-forum-info\">\n\n\t\t\n\t\t\n\t\t<a class=\"bbp-forum-title\" href=\"https:\/\/metsaammattilaiset.fi\/index.php\/forums\/forums\/luontotietojen-inventointi\/\">Luontotietojen inventointi<\/a>\n\n\t\t\n\t\t\n\t\t<div class=\"bbp-forum-content\">Keskustelua luontotietojen inventoinneista.<\/div>\n\n\t\t\n\t\t\n\t\t\n\t\t\n\t\t\n\t<\/li>\n\n\t<li class=\"bbp-forum-topic-count\">1<\/li>\n\n\t<li class=\"bbp-forum-reply-count\">1<\/li>\n\n\t<li class=\"bbp-forum-freshness\">\n\n\t\t\n\t\t<a href=\"https:\/\/metsaammattilaiset.fi\/index.php\/forums\/topic\/inventointien-laadun-parantaminen\/\" title=\"Inventointien laadun parantaminen\">1 viikko sitten<\/a>\n\t\t\n\t\t<p class=\"bbp-topic-meta\">\n\n\t\t\t\n\t\t\t<span class=\"bbp-topic-freshness-author\"><a href=\"https:\/\/metsaammattilaiset.fi\/index.php\/forums\/users\/forest-pro\/\" title=\"N\u00e4yt\u00e4 k\u00e4ytt\u00e4j\u00e4n Mets\u00e4 Ammattilaiset profiili\" class=\"bbp-author-link\"><span  class=\"bbp-author-avatar\"><img decoding=\"async\" src=\"https:\/\/metsaammattilaiset.fi\/wp-content\/plugins\/ultimate-member\/assets\/img\/default_avatar.jpg\" class=\"gravatar avatar avatar-14 um-avatar um-avatar-default\" width=\"14\" height=\"14\" alt=\"Mets\u00e4 Ammattilaiset\" data-default=\"https:\/\/metsaammattilaiset.fi\/wp-content\/plugins\/ultimate-member\/assets\/img\/default_avatar.jpg\" onerror=\"if ( ! this.getAttribute('data-load-error') ){ this.setAttribute('data-load-error', '1');this.setAttribute('src', this.getAttribute('data-default'));}\" loading=\"lazy\" \/><\/span><span  class=\"bbp-author-name\">Mets\u00e4 Ammattilaiset<\/span><\/a><\/span>\n\n\t\t\t\n\t\t<\/p>\n\t<\/li>\n<\/ul><!-- #bbp-forum-243 -->\n\n\t\t\n\t\t\t\n<ul id=\"bbp-forum-347\" class=\"loop-item-1 bbp-forum-status-open bbp-forum-visibility-publish even  post-347 forum type-forum status-publish hentry\">\n\t<li class=\"bbp-forum-info\">\n\n\t\t\n\t\t\n\t\t<a class=\"bbp-forum-title\" href=\"https:\/\/metsaammattilaiset.fi\/index.php\/forums\/forums\/tein-luontotyon\/\">Tein luontoty\u00f6n<\/a>\n\n\t\t\n\t\t\n\t\t<div class=\"bbp-forum-content\">Kerro meille, jos teit ty\u00f6ss\u00e4si tai vapaa-aikanasi luonnon hyv\u00e4ksi jonkin toimenpiteen.<\/div>\n\n\t\t\n\t\t\n\t\t\n\t\t\n\t\t\n\t<\/li>\n\n\t<li class=\"bbp-forum-topic-count\">0<\/li>\n\n\t<li class=\"bbp-forum-reply-count\">0<\/li>\n\n\t<li class=\"bbp-forum-freshness\">\n\n\t\t\n\t\tEi aiheita\n\t\t\n\t\t<p class=\"bbp-topic-meta\">\n\n\t\t\t\n\t\t\t<span class=\"bbp-topic-freshness-author\"><\/span>\n\n\t\t\t\n\t\t<\/p>\n\t<\/li>\n<\/ul><!-- #bbp-forum-347 -->\n\n\t\t\n\t\t\t\n<ul id=\"bbp-forum-230\" class=\"loop-item-2 bbp-forum-status-open bbp-forum-visibility-publish odd  post-230 forum type-forum status-publish hentry\">\n\t<li class=\"bbp-forum-info\">\n\n\t\t\n\t\t\n\t\t<a class=\"bbp-forum-title\" href=\"https:\/\/metsaammattilaiset.fi\/index.php\/forums\/forums\/vahan-parempi-metsakeskustelu\/\">Avoin mets\u00e4keskustelu<\/a>\n\n\t\t\n\t\t\n\t\t<div class=\"bbp-forum-content\">Mit\u00e4 vain metsiin liittyv\u00e4\u00e4 avoimin mielin<\/div>\n\n\t\t\n\t\t\n\t\t\n\t\t\n\t\t\n\t<\/li>\n\n\t<li class=\"bbp-forum-topic-count\">0<\/li>\n\n\t<li class=\"bbp-forum-reply-count\">0<\/li>\n\n\t<li class=\"bbp-forum-freshness\">\n\n\t\t\n\t\tEi aiheita\n\t\t\n\t\t<p class=\"bbp-topic-meta\">\n\n\t\t\t\n\t\t\t<span class=\"bbp-topic-freshness-author\"><\/span>\n\n\t\t\t\n\t\t<\/p>\n\t<\/li>\n<\/ul><!-- #bbp-forum-230 -->\n\n\t\t\n\t\t\t\n<ul id=\"bbp-forum-240\" class=\"loop-item-3 bbp-forum-status-open bbp-forum-visibility-publish even  post-240 forum type-forum status-publish hentry\">\n\t<li class=\"bbp-forum-info\">\n\n\t\t\n\t\t\n\t\t<a class=\"bbp-forum-title\" href=\"https:\/\/metsaammattilaiset.fi\/index.php\/forums\/forums\/lahtiko-lapasesta\/\">L\u00e4htik\u00f6 lapasesta?<\/a>\n\n\t\t\n\t\t\n\t\t<div class=\"bbp-forum-content\">Aina silloin t\u00e4ll\u00f6in ihminen t\u00f6rm\u00e4\u00e4 tilanteeseen, jossa niin sanotusti l\u00e4hti lapasesta. Mik\u00e4 sinun mielest\u00e4si l\u00e4hti lapasesta?<\/div>\n\n\t\t\n\t\t\n\t\t\n\t\t\n\t\t\n\t<\/li>\n\n\t<li class=\"bbp-forum-topic-count\">0<\/li>\n\n\t<li class=\"bbp-forum-reply-count\">0<\/li>\n\n\t<li class=\"bbp-forum-freshness\">\n\n\t\t\n\t\tEi aiheita\n\t\t\n\t\t<p class=\"bbp-topic-meta\">\n\n\t\t\t\n\t\t\t<span class=\"bbp-topic-freshness-author\"><\/span>\n\n\t\t\t\n\t\t<\/p>\n\t<\/li>\n<\/ul><!-- #bbp-forum-240 -->\n\n\t\t\n\t\t\t\n<ul id=\"bbp-forum-238\" class=\"loop-item-4 bbp-forum-status-open bbp-forum-visibility-publish odd  post-238 forum type-forum status-publish hentry\">\n\t<li class=\"bbp-forum-info\">\n\n\t\t\n\t\t\n\t\t<a class=\"bbp-forum-title\" href=\"https:\/\/metsaammattilaiset.fi\/index.php\/forums\/forums\/aktivismi\/\">Aktivismi<\/a>\n\n\t\t\n\t\t\n\t\t<div class=\"bbp-forum-content\">Mit\u00e4 ajatuksia nykyajan aktivismi sinussa her\u00e4tt\u00e4\u00e4. Osallistu keskusteluun ja kerro ajatuksesi.<\/div>\n\n\t\t\n\t\t\n\t\t\n\t\t\n\t\t\n\t<\/li>\n\n\t<li class=\"bbp-forum-topic-count\">1<\/li>\n\n\t<li class=\"bbp-forum-reply-count\">1<\/li>\n\n\t<li class=\"bbp-forum-freshness\">\n\n\t\t\n\t\t<a href=\"https:\/\/metsaammattilaiset.fi\/index.php\/forums\/topic\/vastuullista-aktivismia-kaivataan\/\" title=\"Vastuullista aktivismia kaivataan\">1 viikko sitten<\/a>\n\t\t\n\t\t<p class=\"bbp-topic-meta\">\n\n\t\t\t\n\t\t\t<span class=\"bbp-topic-freshness-author\"><a href=\"https:\/\/metsaammattilaiset.fi\/index.php\/forums\/users\/forest-pro\/\" title=\"N\u00e4yt\u00e4 k\u00e4ytt\u00e4j\u00e4n Mets\u00e4 Ammattilaiset profiili\" class=\"bbp-author-link\"><span  class=\"bbp-author-avatar\"><img decoding=\"async\" src=\"https:\/\/metsaammattilaiset.fi\/wp-content\/plugins\/ultimate-member\/assets\/img\/default_avatar.jpg\" class=\"gravatar avatar avatar-14 um-avatar um-avatar-default\" width=\"14\" height=\"14\" alt=\"Mets\u00e4 Ammattilaiset\" data-default=\"https:\/\/metsaammattilaiset.fi\/wp-content\/plugins\/ultimate-member\/assets\/img\/default_avatar.jpg\" onerror=\"if ( ! this.getAttribute('data-load-error') ){ this.setAttribute('data-load-error', '1');this.setAttribute('src', this.getAttribute('data-default'));}\" loading=\"lazy\" \/><\/span><span  class=\"bbp-author-name\">Mets\u00e4 Ammattilaiset<\/span><\/a><\/span>\n\n\t\t\t\n\t\t<\/p>\n\t<\/li>\n<\/ul><!-- #bbp-forum-238 -->\n\n\t\t\n\t<\/li><!-- .bbp-body -->\n\n\t<li class=\"bbp-footer\">\n\n\t\t<div class=\"tr\">\n\t\t\t<p class=\"td colspan4\">&nbsp;<\/p>\n\t\t<\/div><!-- .tr -->\n\n\t<\/li><!-- .bbp-footer -->\n\n<\/ul><!-- .forums-directory -->\n\n\n\t\n\t\n<\/div>\n\n\n\n\n<p><\/p>\n","protected":false},"excerpt":{"rendered":"","protected":false},"author":2,"featured_media":0,"parent":0,"menu_order":0,"comment_status":"open","ping_status":"closed","template":"","meta":{"_bbp_topic_count":0,"_bbp_reply_count":0,"_bbp_total_topic_count":0,"_bbp_total_reply_count":0,"_bbp_voice_count":0,"_bbp_anonymous_reply_count":0,"_bbp_topic_count_hidden":0,"_bbp_reply_count_hidden":0,"_bbp_forum_subforum_count":0,"site-sidebar-layout":"default","site-content-layout":"","ast-site-content-layout":"default","site-content-style":"default","site-sidebar-style":"default","ast-global-header-display":"","ast-banner-title-visibility":"","ast-main-header-display":"","ast-hfb-above-header-display":"","ast-hfb-below-header-display":"","ast-hfb-mobile-header-display":"","site-post-title":"","ast-breadcrumbs-content":"","ast-featured-img":"","footer-sml-layout":"","ast-disable-related-posts":"","theme-transparent-header-meta":"","adv-header-id-meta":"","stick-header-meta":"","header-above-stick-meta":"","header-main-stick-meta":"","header-below-stick-meta":"","astra-migrate-meta-layouts":"default","ast-page-background-enabled":"default","ast-page-background-meta":{"desktop":{"background-color":"var(--ast-global-color-5)","background-image":"","background-repeat":"repeat","background-position":"center center","background-size":"auto","background-attachment":"scroll","background-type":"","background-media":"","overlay-type":"","overlay-color":"","overlay-opacity":"","overlay-gradient":""},"tablet":{"background-color":"","background-image":"","background-repeat":"repeat","background-position":"center center","background-size":"auto","background-attachment":"scroll","background-type":"","background-media":"","overlay-type":"","overlay-color":"","overlay-opacity":"","overlay-gradient":""},"mobile":{"background-color":"","background-image":"","background-repeat":"repeat","background-position":"center center","background-size":"auto","background-attachment":"scroll","background-type":"","background-media":"","overlay-type":"","overlay-color":"","overlay-opacity":"","overlay-gradient":""}},"ast-content-background-meta":{"desktop":{"background-color":"var(--ast-global-color-4)","background-image":"","background-repeat":"repeat","background-position":"center center","background-size":"auto","background-attachment":"scroll","background-type":"","background-media":"","overlay-type":"","overlay-color":"","overlay-opacity":"","overlay-gradient":""},"tablet":{"background-color":"var(--ast-global-color-4)","background-image":"","background-repeat":"repeat","background-position":"center center","background-size":"auto","background-attachment":"scroll","background-type":"","background-media":"","overlay-type":"","overlay-color":"","overlay-opacity":"","overlay-gradient":""},"mobile":{"background-color":"var(--ast-global-color-4)","background-image":"","background-repeat":"repeat","background-position":"center center","background-size":"auto","background-attachment":"scroll","background-type":"","background-media":"","overlay-type":"","overlay-color":"","overlay-opacity":"","overlay-gradient":""}},"footnotes":""},"class_list":["post-343","page","type-page","status-publish","hentry"],"_links":{"self":[{"href":"https:\/\/metsaammattilaiset.fi\/index.php\/wp-json\/wp\/v2\/pages\/343","targetHints":{"allow":["GET"]}}],"collection":[{"href":"https:\/\/metsaammattilaiset.fi\/index.php\/wp-json\/wp\/v2\/pages"}],"about":[{"href":"https:\/\/metsaammattilaiset.fi\/index.php\/wp-json\/wp\/v2\/types\/page"}],"author":[{"embeddable":true,"href":"https:\/\/metsaammattilaiset.fi\/index.php\/wp-json\/wp\/v2\/users\/2"}],"replies":[{"embeddable":true,"href":"https:\/\/metsaammattilaiset.fi\/index.php\/wp-json\/wp\/v2\/comments?post=343"}],"version-history":[{"count":4,"href":"https:\/\/metsaammattilaiset.fi\/index.php\/wp-json\/wp\/v2\/pages\/343\/revisions"}],"predecessor-version":[{"id":353,"href":"https:\/\/metsaammattilaiset.fi\/index.php\/wp-json\/wp\/v2\/pages\/343\/revisions\/353"}],"wp:attachment":[{"href":"https:\/\/metsaammattilaiset.fi\/index.php\/wp-json\/wp\/v2\/media?parent=343"}],"curies":[{"name":"wp","href":"https:\/\/api.w.org\/{rel}","templated":true}]}}