{"id":32,"date":"2026-03-19T07:58:22","date_gmt":"2026-03-19T07:58:22","guid":{"rendered":"https:\/\/metsaammattilaiset.fi\/?page_id=32"},"modified":"2026-03-19T08:38:32","modified_gmt":"2026-03-19T08:38:32","slug":"miten-metsatalous-toimii","status":"publish","type":"page","link":"https:\/\/metsaammattilaiset.fi\/index.php\/metsatalous-suomessa\/miten-metsatalous-toimii\/","title":{"rendered":"Miten mets\u00e4talous toimii"},"content":{"rendered":"\n<p>Miksi metsi\u00e4 hakataan?<\/p>\n\n\n\n<p>Mets\u00e4nkasvatuksen periaatteet<\/p>\n\n\n\n<p>Hakkuutavat<\/p>\n\n\n\n<p>Mets\u00e4talouden luonnonhoito<\/p>\n\n\n\n<p>Mets\u00e4talouden vesiensuojelu<\/p>\n\n\n\n<p><\/p>\n","protected":false},"excerpt":{"rendered":"<p>Miksi metsi\u00e4 hakataan? Mets\u00e4nkasvatuksen periaatteet Hakkuutavat Mets\u00e4talouden luonnonhoito Mets\u00e4talouden vesiensuojelu<\/p>\n","protected":false},"author":1,"featured_media":0,"parent":29,"menu_order":0,"comment_status":"closed","ping_status":"closed","template":"","meta":{"footnotes":""},"class_list":["post-32","page","type-page","status-publish","hentry"],"_links":{"self":[{"href":"https:\/\/metsaammattilaiset.fi\/index.php\/wp-json\/wp\/v2\/pages\/32","targetHints":{"allow":["GET"]}}],"collection":[{"href":"https:\/\/metsaammattilaiset.fi\/index.php\/wp-json\/wp\/v2\/pages"}],"about":[{"href":"https:\/\/metsaammattilaiset.fi\/index.php\/wp-json\/wp\/v2\/types\/page"}],"author":[{"embeddable":true,"href":"https:\/\/metsaammattilaiset.fi\/index.php\/wp-json\/wp\/v2\/users\/1"}],"replies":[{"embeddable":true,"href":"https:\/\/metsaammattilaiset.fi\/index.php\/wp-json\/wp\/v2\/comments?post=32"}],"version-history":[{"count":1,"href":"https:\/\/metsaammattilaiset.fi\/index.php\/wp-json\/wp\/v2\/pages\/32\/revisions"}],"predecessor-version":[{"id":33,"href":"https:\/\/metsaammattilaiset.fi\/index.php\/wp-json\/wp\/v2\/pages\/32\/revisions\/33"}],"up":[{"embeddable":true,"href":"https:\/\/metsaammattilaiset.fi\/index.php\/wp-json\/wp\/v2\/pages\/29"}],"wp:attachment":[{"href":"https:\/\/metsaammattilaiset.fi\/index.php\/wp-json\/wp\/v2\/media?parent=32"}],"curies":[{"name":"wp","href":"https:\/\/api.w.org\/{rel}","templated":true}]}}