{"id":29,"date":"2026-03-19T07:56:14","date_gmt":"2026-03-19T07:56:14","guid":{"rendered":"https:\/\/metsaammattilaiset.fi\/?page_id=29"},"modified":"2026-03-19T08:12:18","modified_gmt":"2026-03-19T08:12:18","slug":"metsatalous-suomessa","status":"publish","type":"page","link":"https:\/\/metsaammattilaiset.fi\/index.php\/metsatalous-suomessa\/","title":{"rendered":"Mets\u00e4talous Suomessa"},"content":{"rendered":"\n<p><a href=\"https:\/\/metsaammattilaiset.fi\/?page_id=46\" data-type=\"page\" data-id=\"46\">Mets\u00e4talouden historia<\/a><\/p>\n\n\n\n<p><strong><a href=\"https:\/\/metsaammattilaiset.fi\/index.php\/miten-metsatalous-toimii\/\" data-type=\"page\" data-id=\"32\">Miten mets\u00e4talous toimii<\/a><\/strong><\/p>\n\n\n\n<p><a href=\"https:\/\/metsaammattilaiset.fi\/index.php\/nuori-vai-vanha-metsa\/\" data-type=\"page\" data-id=\"34\">Nuori vai vanha mets\u00e4?<\/a><\/p>\n\n\n\n<p><strong><a href=\"https:\/\/metsaammattilaiset.fi\/index.php\/metsan-elinkaari\/\" data-type=\"page\" data-id=\"37\">Mets\u00e4n elinkaari (taimesta p\u00e4\u00e4tehakkuuseen)<\/a><\/strong><\/p>\n\n\n\n<p><a href=\"https:\/\/metsanhoidonsuositukset.fi\/fi\"><strong>Hyv\u00e4n mets\u00e4nhoidon <\/strong>suositukset<\/a><\/p>\n\n\n\n<p><strong><a href=\"https:\/\/metsaammattilaiset.fi\/index.php\/ukk-usein-kysytyt-kysymykset\/\" data-type=\"page\" data-id=\"39\">Usein kysytyt kysymykset<\/a><\/strong><\/p>\n\n\n\n<p><strong><a href=\"https:\/\/metsaammattilaiset.fi\/index.php\/myytit-ja-faktat\/\" data-type=\"page\" data-id=\"41\">Myytit ja faktat<\/a><\/strong><\/p>\n\n\n\n<p><\/p>\n","protected":false},"excerpt":{"rendered":"<p>Mets\u00e4talouden historia Miten mets\u00e4talous toimii Nuori vai vanha mets\u00e4? Mets\u00e4n elinkaari (taimesta p\u00e4\u00e4tehakkuuseen) Hyv\u00e4n mets\u00e4nhoidon suositukset Usein kysytyt kysymykset Myytit ja faktat<\/p>\n","protected":false},"author":1,"featured_media":0,"parent":0,"menu_order":0,"comment_status":"closed","ping_status":"closed","template":"","meta":{"footnotes":""},"class_list":["post-29","page","type-page","status-publish","hentry"],"_links":{"self":[{"href":"https:\/\/metsaammattilaiset.fi\/index.php\/wp-json\/wp\/v2\/pages\/29","targetHints":{"allow":["GET"]}}],"collection":[{"href":"https:\/\/metsaammattilaiset.fi\/index.php\/wp-json\/wp\/v2\/pages"}],"about":[{"href":"https:\/\/metsaammattilaiset.fi\/index.php\/wp-json\/wp\/v2\/types\/page"}],"author":[{"embeddable":true,"href":"https:\/\/metsaammattilaiset.fi\/index.php\/wp-json\/wp\/v2\/users\/1"}],"replies":[{"embeddable":true,"href":"https:\/\/metsaammattilaiset.fi\/index.php\/wp-json\/wp\/v2\/comments?post=29"}],"version-history":[{"count":7,"href":"https:\/\/metsaammattilaiset.fi\/index.php\/wp-json\/wp\/v2\/pages\/29\/revisions"}],"predecessor-version":[{"id":47,"href":"https:\/\/metsaammattilaiset.fi\/index.php\/wp-json\/wp\/v2\/pages\/29\/revisions\/47"}],"wp:attachment":[{"href":"https:\/\/metsaammattilaiset.fi\/index.php\/wp-json\/wp\/v2\/media?parent=29"}],"curies":[{"name":"wp","href":"https:\/\/api.w.org\/{rel}","templated":true}]}}