{"id":187,"date":"2026-04-15T10:48:02","date_gmt":"2026-04-15T08:48:02","guid":{"rendered":"https:\/\/metsaammattilaiset.fi\/?page_id=187"},"modified":"2026-04-17T13:09:50","modified_gmt":"2026-04-17T11:09:50","slug":"juri-laurila","status":"publish","type":"page","link":"https:\/\/metsaammattilaiset.fi\/index.php\/metsien-ihmiset\/juri-laurila\/","title":{"rendered":"Juri Laurila"},"content":{"rendered":"\n<p>Juri on kahden lapsen is\u00e4, joka on syntynyt Uudessakapupungissa, jossa jo lapsena h\u00e4n liikkui paljon metsiss\u00e4 ja saaristossa. Jurin luontosuhde onkin muodostunut vaippaik\u00e4isest\u00e4 l\u00e4htien. Vuosikymmenten aikana Jurista onkin muodostunut varsinainen luontotyyppi.<\/p>\n\n\n\n<!--more-->\n\n\n\n<p>Nuorena Juri oli varsin aktiivinen urheilija. H\u00e4n pelasi j\u00e4\u00e4kiekkoa, jalkapalloa, suunnisti, yleisurheili ja harrasti varsin monipuolisesti eri lajeja. Omasta mielest\u00e4\u00e4n h\u00e4n p\u00e4rj\u00e4si varsin hyvin monissa niist\u00e4. Juri harrastaa nyky\u00e4\u00e4n mets\u00e4styst\u00e4, kalastusta, sienestyst\u00e4, marjastusta, veneily\u00e4 ja retkeily\u00e4. Vapaa-aika tulee vietetty\u00e4 p\u00e4\u00e4asiassa metsiss\u00e4 tai vesill\u00e4. Luonnossa.<\/p>\n\n\n\n<p>Juri on ollut koko ik\u00e4ns\u00e4 my\u00f6s aktiivinen toimija erilaisissa yhdistyksiss\u00e4 ja muissa yhteiskunnallisissa vapaaehtoistoimissa. H\u00e4n on avulias, hyv\u00e4ntuulinen ja helposti l\u00e4hestytt\u00e4v\u00e4 ihminen, joka tekee mielell\u00e4\u00e4n parhaansa yhteis\u00f6n ja ymp\u00e4rist\u00f6n eteen. <\/p>\n\n\n\n<p>Nyky\u00e4\u00e4n Juri asuu Kemij\u00e4rvell\u00e4 sijaitsevalla Luusuan kyl\u00e4ll\u00e4 vanhalla perinnetilalla. Tilalla on arvokkaita perinnebiotooppialueita ja maisemanhoitoalueita, joita hoidetaan ensisijaisesti lampaita laiduntamalla. Tilalta l\u00f6ytyy runsaasti Jurin asentamia linnunp\u00f6ntt\u00f6j\u00e4, jotka ovat ahkerassa k\u00e4yt\u00f6ss\u00e4. Juri my\u00f6s hoitaa aktiivisesti alueen vesist\u00f6j\u00e4 ja osallistuu talkoisiin. Parhaillaan on rakentumassa uusi omakotitalo, jossa on kovat ekologiset ja ilmastolliset tavoitteet allergiavapaan talon lis\u00e4ksi. Tavoitteena on tehd\u00e4 Suomen ekologisin, pohjolan energiatehokkain ja hiilineutraali elementtirakenteinen talo.<\/p>\n\n\n\n<h2 class=\"wp-block-heading\">Mets\u00e4inen ura<\/h2>\n\n\n\n<p>Jurin mets\u00e4inen ura alkoi 2000 -luvun alkupuolella, jolloin h\u00e4n joutui terveydellisist\u00e4 syist\u00e4 vaihtamaan alaa. Koska h\u00e4n viihtyi metsiss\u00e4 harrastustensa parissa, h\u00e4n p\u00e4\u00e4tti hakeutua mets\u00e4alalle. Saisihan h\u00e4n silloin viett\u00e4\u00e4 metsiss\u00e4 entist\u00e4 enemm\u00e4n aikaa. Mets\u00e4talousinsin\u00f6\u00f6rin koulutuksen h\u00e4n aloitti 2004. Ilokseen jo opiskeluaikana Juri huomasi, miten paljon luonnon monimuotoisuudelle annetaan painoarvoa mets\u00e4nhoidossa. Rakkaus luontoon vain syveni opiskelujen edetess\u00e4. <\/p>\n\n\n\n<p>Valmistuttuaan Juri ty\u00f6skenteli Innofor Oy:ll\u00e4 ensin mets\u00e4neuvojana K\u00e4rs\u00e4m\u00e4en ymp\u00e4rist\u00f6ss\u00e4 ja pian johtavana neuvojana Varsinais-Suomessa. Nopeasti h\u00e4n huomasi, ett\u00e4 yrityksen vastuullisuus mets\u00e4nomistajia kohtaan j\u00e4i jatkuvan kasvatuksen julistamisen jalkoihin. Ep\u00e4realististen odotusten kertominen asiakkaille soti Jurin rehellisyyteen pohjautuvia arvoja vastaan, jonka vuoksi h\u00e4n vaihtoi hankintaesimiehen teht\u00e4viin energiapuun hankintaan. Sen j\u00e4lkeen Juri siirtyi Mets\u00e4hallitukselle suunnittelijaksi Savukosken mets\u00e4tiimiin. Erityiseksi teht\u00e4v\u00e4ksi h\u00e4nelle annettiin jatkuvan kasvatuksen leimikoiden suunnittelu. <\/p>\n\n\n\n<blockquote class=\"wp-block-quote is-layout-flow wp-block-quote-is-layout-flow\">\n<p>&#8220;Parasta suunnittelijan teht\u00e4v\u00e4ss\u00e4 oli, kun sai suunnitella toimenpiteit\u00e4 arvokkaiden luontokohteiden s\u00e4ilytt\u00e4miseksi&#8221;<\/p>\n<\/blockquote>\n\n\n\n<p>Juri ty\u00f6skenteli Mets\u00e4hallituksella suunnittelijan ty\u00f6n j\u00e4lkeen viiden vuoden ajan mets\u00e4talouden tiedottajana. Tuona aikana h\u00e4n sai eritt\u00e4in laaja-alaisen ymm\u00e4rryksen mets\u00e4sektorin toiminnasta ja toimintaperiaatteista. Tiedottajan teht\u00e4v\u00e4st\u00e4 h\u00e4n siirtyi kest\u00e4v\u00e4n rakentamisen kehitt\u00e4misen pariin yritt\u00e4j\u00e4n\u00e4. H\u00e4n kehitti energiaomavaraisen ja hiilineutraalin asuinaluekonseptin, joka on asukkaille taloudellisesti j\u00e4rkev\u00e4 ja ekologisesti kest\u00e4v\u00e4.<\/p>\n\n\n\n<p>Juri on toiminut lis\u00e4ksi muun muassa Suomen mets\u00e4keskuksella projektip\u00e4\u00e4llikk\u00f6n\u00e4 Mets\u00e4Rekry Lappi -hankkeessa ja Kemij\u00e4rven kaupungilla Kemij\u00e4rven reittimatkailun kehitt\u00e4minen -hankkeen projektip\u00e4\u00e4llikk\u00f6n\u00e4. <\/p>\n\n\n\n<h2 class=\"wp-block-heading\">Mets\u00e4keskustelija<\/h2>\n\n\n\n<p>Juri on tullut tunnetuksi mets\u00e4keskusteluista. Moni pit\u00e4\u00e4 h\u00e4nt\u00e4 mets\u00e4teollisuuden lobbarina, luonnonvihaajana ja onpa h\u00e4net nimetty my\u00f6s valtakunnan johtavaksi mets\u00e4propagandistiksikin. T\u00e4m\u00e4n maineen h\u00e4n on saanut suorapuheisuudellaan ja kriittisell\u00e4 suhtautumisellaan mets\u00e4alaan kohdistuvan negatiivisen viestinn\u00e4n haastajana, faktojen oikaisijana ja suomalaisen mets\u00e4nhoidon puolestapuhujana. Juri onkin huomannut, ett\u00e4 monet hakkuiden vastustajat siirtyv\u00e4t varsin nopeasti ihmisen mustamaalaamiseen, kun aletaan puhumaan luonnon ja planeetan kannalta parhaiden ratkaisujen kannattamisesta. H\u00e4n itse toivoisi, ett\u00e4 puhutaan faktoista ja ett\u00e4 jokainen saisi tuoda oman mielipiteens\u00e4 esiin mets\u00e4asioissa pelk\u00e4\u00e4m\u00e4tt\u00e4 maalittamisen kohteeksi joutumista.<\/p>\n\n\n\n<p>Juri kuuluu siihen harvalukuiseen mets\u00e4ammattilaisten joukkoon, jotka eiv\u00e4t ole suostuneet vaiennettavaksi v\u00e4lill\u00e4 voimakkaankin painostuksen alla. H\u00e4nen mielest\u00e4\u00e4n mets\u00e4keskustelut kaipaavat lis\u00e4\u00e4 mets\u00e4ammattilaisten osaamista ja tiet\u00e4myst\u00e4 tunnepohjaisen mets\u00e4keskustelun asiallisuuden lis\u00e4\u00e4miseksi. H\u00e4nen mielest\u00e4\u00e4n olisi toivottavaa, ett\u00e4 keskusteltaisiin enemm\u00e4n nykymets\u00e4taloudesta, kuin vuosikymmeni\u00e4 sitten k\u00e4ytetyist\u00e4 menetelmist\u00e4. Jos arvostellaan historiaa sivuuttaen nykytoiminna, ei kehityst\u00e4 voida odottaa. Jos tuomitaan mets\u00e4ammattilaiset t\u00e4n\u00e4\u00e4n sen perusteella, miten mets\u00e4ammattilaiset ovat toimineet historiassa, syytt\u00e4v\u00e4 sormi osoittaa v\u00e4\u00e4riin ihmisiin.<\/p>\n\n\n\n<h2 class=\"wp-block-heading\">Muutoshakuinen maailman kehitt\u00e4j\u00e4<\/h2>\n\n\n\n<p>Jurille on luonteenomaista, ett\u00e4 h\u00e4n tarttuu ep\u00e4kohtiin ja pyrkii l\u00f6yt\u00e4m\u00e4\u00e4n aiempaa parempia ratkaisuja ongelmiin. H\u00e4n ei vain odota muiden muuttuvan, vaan pohtii konkreettisia ratkaisuja, joilla asiat muuttuisivat parempaan suuntaan. Itsens\u00e4 likoon laittaminen &#8220;satasella&#8221; on huomattu l\u00e4hipiireiss\u00e4 ja h\u00e4nt\u00e4 arvostetaan sen vuoksi korkealle. Itselleen asettama rima Jurilla on yleens\u00e4 korkealla &#8211; joskus liiankin. <\/p>\n\n\n\n<p>Juri on saanut Suomen Mets\u00e4yhdistyksen hopeisen ansiomerkin mets\u00e4viestinn\u00e4st\u00e4 ja on muun muassa MEOL -mets\u00e4opiskelijaliiton kunniaj\u00e4sen. H\u00e4n on my\u00f6s Rovaniemell\u00e4 vuosittain j\u00e4rjestetyn Sahanper\u00e4n Savotta -tapahtuman is\u00e4.<\/p>\n","protected":false},"excerpt":{"rendered":"<p>Juri on kahden lapsen is\u00e4, joka on syntynyt Uudessakapupungissa, jossa jo lapsena h\u00e4n liikkui paljon metsiss\u00e4 ja saaristossa. Jurin luontosuhde [&hellip;]<\/p>\n","protected":false},"author":1,"featured_media":188,"parent":49,"menu_order":0,"comment_status":"open","ping_status":"closed","template":"","meta":{"_bbp_topic_count":0,"_bbp_reply_count":0,"_bbp_total_topic_count":0,"_bbp_total_reply_count":0,"_bbp_voice_count":0,"_bbp_anonymous_reply_count":0,"_bbp_topic_count_hidden":0,"_bbp_reply_count_hidden":0,"_bbp_forum_subforum_count":0,"site-sidebar-layout":"default","site-content-layout":"","ast-site-content-layout":"default","site-content-style":"default","site-sidebar-style":"default","ast-global-header-display":"","ast-banner-title-visibility":"","ast-main-header-display":"","ast-hfb-above-header-display":"","ast-hfb-below-header-display":"","ast-hfb-mobile-header-display":"","site-post-title":"","ast-breadcrumbs-content":"","ast-featured-img":"","footer-sml-layout":"","ast-disable-related-posts":"","theme-transparent-header-meta":"","adv-header-id-meta":"","stick-header-meta":"","header-above-stick-meta":"","header-main-stick-meta":"","header-below-stick-meta":"","astra-migrate-meta-layouts":"default","ast-page-background-enabled":"default","ast-page-background-meta":{"desktop":{"background-color":"var(--ast-global-color-5)","background-image":"","background-repeat":"repeat","background-position":"center center","background-size":"auto","background-attachment":"scroll","background-type":"","background-media":"","overlay-type":"","overlay-color":"","overlay-opacity":"","overlay-gradient":""},"tablet":{"background-color":"","background-image":"","background-repeat":"repeat","background-position":"center center","background-size":"auto","background-attachment":"scroll","background-type":"","background-media":"","overlay-type":"","overlay-color":"","overlay-opacity":"","overlay-gradient":""},"mobile":{"background-color":"","background-image":"","background-repeat":"repeat","background-position":"center center","background-size":"auto","background-attachment":"scroll","background-type":"","background-media":"","overlay-type":"","overlay-color":"","overlay-opacity":"","overlay-gradient":""}},"ast-content-background-meta":{"desktop":{"background-color":"var(--ast-global-color-4)","background-image":"","background-repeat":"repeat","background-position":"center center","background-size":"auto","background-attachment":"scroll","background-type":"","background-media":"","overlay-type":"","overlay-color":"","overlay-opacity":"","overlay-gradient":""},"tablet":{"background-color":"var(--ast-global-color-4)","background-image":"","background-repeat":"repeat","background-position":"center center","background-size":"auto","background-attachment":"scroll","background-type":"","background-media":"","overlay-type":"","overlay-color":"","overlay-opacity":"","overlay-gradient":""},"mobile":{"background-color":"var(--ast-global-color-4)","background-image":"","background-repeat":"repeat","background-position":"center center","background-size":"auto","background-attachment":"scroll","background-type":"","background-media":"","overlay-type":"","overlay-color":"","overlay-opacity":"","overlay-gradient":""}},"footnotes":""},"class_list":["post-187","page","type-page","status-publish","has-post-thumbnail","hentry"],"_links":{"self":[{"href":"https:\/\/metsaammattilaiset.fi\/index.php\/wp-json\/wp\/v2\/pages\/187","targetHints":{"allow":["GET"]}}],"collection":[{"href":"https:\/\/metsaammattilaiset.fi\/index.php\/wp-json\/wp\/v2\/pages"}],"about":[{"href":"https:\/\/metsaammattilaiset.fi\/index.php\/wp-json\/wp\/v2\/types\/page"}],"author":[{"embeddable":true,"href":"https:\/\/metsaammattilaiset.fi\/index.php\/wp-json\/wp\/v2\/users\/1"}],"replies":[{"embeddable":true,"href":"https:\/\/metsaammattilaiset.fi\/index.php\/wp-json\/wp\/v2\/comments?post=187"}],"version-history":[{"count":4,"href":"https:\/\/metsaammattilaiset.fi\/index.php\/wp-json\/wp\/v2\/pages\/187\/revisions"}],"predecessor-version":[{"id":198,"href":"https:\/\/metsaammattilaiset.fi\/index.php\/wp-json\/wp\/v2\/pages\/187\/revisions\/198"}],"up":[{"embeddable":true,"href":"https:\/\/metsaammattilaiset.fi\/index.php\/wp-json\/wp\/v2\/pages\/49"}],"wp:featuredmedia":[{"embeddable":true,"href":"https:\/\/metsaammattilaiset.fi\/index.php\/wp-json\/wp\/v2\/media\/188"}],"wp:attachment":[{"href":"https:\/\/metsaammattilaiset.fi\/index.php\/wp-json\/wp\/v2\/media?parent=187"}],"curies":[{"name":"wp","href":"https:\/\/api.w.org\/{rel}","templated":true}]}}