{"id":16,"date":"2026-03-19T07:24:54","date_gmt":"2026-03-19T07:24:54","guid":{"rendered":"https:\/\/metsaammattilaiset.fi\/?page_id=16"},"modified":"2026-04-24T13:39:25","modified_gmt":"2026-04-24T11:39:25","slug":"miksi-metsaammattilaisten-verkostoa-tarvitaan","status":"publish","type":"page","link":"https:\/\/metsaammattilaiset.fi\/index.php\/miksi-metsaammattilaisten-verkostoa-tarvitaan\/","title":{"rendered":"Miksi mets\u00e4ammattilaisten verkostoa tarvitaan"},"content":{"rendered":"\n<p>Mets\u00e4ammattilaisten verkostoa tarvitaan, koska mets\u00e4keskustelu on viime vuosina eriytynyt voimakkaasti asiantuntijatiedosta ja k\u00e4yt\u00e4nn\u00f6n mets\u00e4talouden arjesta. Useissa tuoreissa selvityksiss\u00e4 ja kyselytutkimuksissa on havaittu, ett\u00e4 mets\u00e4alan ammattilaisten \u00e4\u00e4ni kuuluu julkisessa keskustelussa heikosti suhteessa muihin toimijoihin. Keskustelua hallitsevat usein yksitt\u00e4iset n\u00e4k\u00f6kulmat, vaikka metsien k\u00e4ytt\u00f6\u00f6n liittyv\u00e4t kysymykset ovat moniulotteisia ja vaativat k\u00e4yt\u00e4nn\u00f6n kokemukseen perustuvaa tietoa.<\/p>\n\n\n\n<p>Samalla tutkimukset osoittavat, ett\u00e4 suuri osa kansalaisista ei tunnista, keit\u00e4 mets\u00e4ammattilaiset ovat. Mets\u00e4nhoitajat, mets\u00e4koneurakoitsijat, suunnittelijat ja muut alan asiantuntijat sekoitetaan usein mets\u00e4teollisuuden ty\u00f6ntekij\u00f6ihin tai n\u00e4hd\u00e4\u00e4n yhten\u00e4isen\u00e4 ryhm\u00e4n\u00e4, vaikka heid\u00e4n roolinsa, tavoitteensa ja ty\u00f6nkuvansa poikkeavat merkitt\u00e4v\u00e4sti toisistaan. T\u00e4m\u00e4 v\u00e4\u00e4rinymm\u00e4rrys heikent\u00e4\u00e4 luottamusta ja vaikeuttaa rakentavaa keskustelua metsien k\u00e4yt\u00f6st\u00e4.<\/p>\n\n\n\n<p>Verkoston tarkoitus on tuoda mets\u00e4ammattilaisten osaaminen n\u00e4kyv\u00e4ksi, vahvistaa asiantuntijapuheenvuoroja ja tarjota selke\u00e4, uskottava kanava, jonka kautta k\u00e4yt\u00e4nn\u00f6n tietoon perustuva n\u00e4k\u00f6kulma saadaan mukaan yhteiskunnalliseen keskusteluun.<\/p>\n","protected":false},"excerpt":{"rendered":"<p>Mets\u00e4ammattilaisten verkostoa tarvitaan, koska mets\u00e4keskustelu on viime vuosina eriytynyt voimakkaasti asiantuntijatiedosta ja k\u00e4yt\u00e4nn\u00f6n mets\u00e4talouden arjesta. Useissa tuoreissa selvityksiss\u00e4 ja kyselytutkimuksissa [&hellip;]<\/p>\n","protected":false},"author":1,"featured_media":0,"parent":0,"menu_order":0,"comment_status":"open","ping_status":"closed","template":"","meta":{"_bbp_topic_count":0,"_bbp_reply_count":0,"_bbp_total_topic_count":0,"_bbp_total_reply_count":0,"_bbp_voice_count":0,"_bbp_anonymous_reply_count":0,"_bbp_topic_count_hidden":0,"_bbp_reply_count_hidden":0,"_bbp_forum_subforum_count":0,"site-sidebar-layout":"default","site-content-layout":"","ast-site-content-layout":"default","site-content-style":"default","site-sidebar-style":"default","ast-global-header-display":"","ast-banner-title-visibility":"","ast-main-header-display":"","ast-hfb-above-header-display":"","ast-hfb-below-header-display":"","ast-hfb-mobile-header-display":"","site-post-title":"","ast-breadcrumbs-content":"","ast-featured-img":"","footer-sml-layout":"","ast-disable-related-posts":"","theme-transparent-header-meta":"","adv-header-id-meta":"","stick-header-meta":"","header-above-stick-meta":"","header-main-stick-meta":"","header-below-stick-meta":"","astra-migrate-meta-layouts":"default","ast-page-background-enabled":"default","ast-page-background-meta":{"desktop":{"background-color":"var(--ast-global-color-5)","background-image":"","background-repeat":"repeat","background-position":"center center","background-size":"auto","background-attachment":"scroll","background-type":"","background-media":"","overlay-type":"","overlay-color":"","overlay-opacity":"","overlay-gradient":""},"tablet":{"background-color":"","background-image":"","background-repeat":"repeat","background-position":"center center","background-size":"auto","background-attachment":"scroll","background-type":"","background-media":"","overlay-type":"","overlay-color":"","overlay-opacity":"","overlay-gradient":""},"mobile":{"background-color":"","background-image":"","background-repeat":"repeat","background-position":"center center","background-size":"auto","background-attachment":"scroll","background-type":"","background-media":"","overlay-type":"","overlay-color":"","overlay-opacity":"","overlay-gradient":""}},"ast-content-background-meta":{"desktop":{"background-color":"var(--ast-global-color-4)","background-image":"","background-repeat":"repeat","background-position":"center center","background-size":"auto","background-attachment":"scroll","background-type":"","background-media":"","overlay-type":"","overlay-color":"","overlay-opacity":"","overlay-gradient":""},"tablet":{"background-color":"var(--ast-global-color-4)","background-image":"","background-repeat":"repeat","background-position":"center center","background-size":"auto","background-attachment":"scroll","background-type":"","background-media":"","overlay-type":"","overlay-color":"","overlay-opacity":"","overlay-gradient":""},"mobile":{"background-color":"var(--ast-global-color-4)","background-image":"","background-repeat":"repeat","background-position":"center center","background-size":"auto","background-attachment":"scroll","background-type":"","background-media":"","overlay-type":"","overlay-color":"","overlay-opacity":"","overlay-gradient":""}},"footnotes":""},"class_list":["post-16","page","type-page","status-publish","hentry"],"_links":{"self":[{"href":"https:\/\/metsaammattilaiset.fi\/index.php\/wp-json\/wp\/v2\/pages\/16","targetHints":{"allow":["GET"]}}],"collection":[{"href":"https:\/\/metsaammattilaiset.fi\/index.php\/wp-json\/wp\/v2\/pages"}],"about":[{"href":"https:\/\/metsaammattilaiset.fi\/index.php\/wp-json\/wp\/v2\/types\/page"}],"author":[{"embeddable":true,"href":"https:\/\/metsaammattilaiset.fi\/index.php\/wp-json\/wp\/v2\/users\/1"}],"replies":[{"embeddable":true,"href":"https:\/\/metsaammattilaiset.fi\/index.php\/wp-json\/wp\/v2\/comments?post=16"}],"version-history":[{"count":1,"href":"https:\/\/metsaammattilaiset.fi\/index.php\/wp-json\/wp\/v2\/pages\/16\/revisions"}],"predecessor-version":[{"id":17,"href":"https:\/\/metsaammattilaiset.fi\/index.php\/wp-json\/wp\/v2\/pages\/16\/revisions\/17"}],"wp:attachment":[{"href":"https:\/\/metsaammattilaiset.fi\/index.php\/wp-json\/wp\/v2\/media?parent=16"}],"curies":[{"name":"wp","href":"https:\/\/api.w.org\/{rel}","templated":true}]}}