{"id":149,"date":"2026-04-02T12:33:53","date_gmt":"2026-04-02T10:33:53","guid":{"rendered":"https:\/\/metsaammattilaiset.fi\/?page_id=149"},"modified":"2026-04-28T14:36:14","modified_gmt":"2026-04-28T12:36:14","slug":"metsaasiantuntija-vastaa","status":"publish","type":"page","link":"https:\/\/metsaammattilaiset.fi\/index.php\/metsaasiantuntija-vastaa\/","title":{"rendered":"Mets\u00e4ammattilainen vastaa"},"content":{"rendered":"\n<p>Mietitytt\u00e4\u00e4k\u00f6 sinua jokin metsiin ja metsien k\u00e4ytt\u00f6\u00f6n liittyv\u00e4 asia? Oletko pohtinut, miksi hakkuita tehd\u00e4\u00e4n, miten uusi mets\u00e4 saadaan kasvamaan uudistushakkuiden j\u00e4lkeen tai otetaanko luonto toiminnassa huomioon. Voit esitt\u00e4\u00e4 kysymyksi\u00e4 mets\u00e4ammattilaisille lomakkeella. Mets\u00e4ammattilaiset pyrkiv\u00e4t vastaamaan kysymyksiin mahdollisimman hyvin.<\/p>\n\n\n\n\n\n<p>Vastaamme t\u00e4ll\u00e4 samalla sivulla kysymyksiin ilman kysyj\u00e4n nime\u00e4. Jos j\u00e4t\u00e4t s\u00e4hk\u00f6postiosoitteesi, l\u00e4het\u00e4mme vastauksen my\u00f6s sinulle henkil\u00f6kohtaisesti.<\/p>\n\n\n<style id=\"wpforms-css-vars-151-block-ab0bc2d6-3202-472d-a4c0-926b0ce3de51\">\n\t\t\t\t#wpforms-151.wpforms-block-ab0bc2d6-3202-472d-a4c0-926b0ce3de51 {\n\t\t\t\t--wpforms-field-size-input-height: 43px;\n--wpforms-field-size-input-spacing: 15px;\n--wpforms-field-size-font-size: 16px;\n--wpforms-field-size-line-height: 19px;\n--wpforms-field-size-padding-h: 14px;\n--wpforms-field-size-checkbox-size: 16px;\n--wpforms-field-size-sublabel-spacing: 5px;\n--wpforms-field-size-icon-size: 1;\n--wpforms-label-size-font-size: 16px;\n--wpforms-label-size-line-height: 19px;\n--wpforms-label-size-sublabel-font-size: 14px;\n--wpforms-label-size-sublabel-line-height: 17px;\n--wpforms-button-size-font-size: 17px;\n--wpforms-button-size-height: 41px;\n--wpforms-button-size-padding-h: 15px;\n--wpforms-button-size-margin-top: 10px;\n\t\t\t}\n\t\t\t<\/style><div class=\"wpforms-container wpforms-container-full wpforms-block wpforms-block-ab0bc2d6-3202-472d-a4c0-926b0ce3de51 wpforms-render-modern\" id=\"wpforms-151\"><form id=\"wpforms-form-151\" class=\"wpforms-validate wpforms-form wpforms-ajax-form\" data-formid=\"151\" method=\"post\" enctype=\"multipart\/form-data\" action=\"\/index.php\/wp-json\/wp\/v2\/pages\/149\" data-token=\"377f5784eead36694426d7aef9c97aa1\" data-token-time=\"1777655517\"><noscript class=\"wpforms-error-noscript\">Please enable JavaScript in your browser to complete this form.<\/noscript><div id=\"wpforms-error-noscript\" style=\"display: none;\">Please enable JavaScript in your browser to complete this form.<\/div><div class=\"wpforms-field-container\"><div id=\"wpforms-151-field_1-container\" class=\"wpforms-field wpforms-field-name\" data-field-id=\"1\"><fieldset><legend class=\"wpforms-field-label\">Nimi <span class=\"wpforms-required-label\" aria-hidden=\"true\">*<\/span><\/legend><div class=\"wpforms-field-row wpforms-field-medium\"><div class=\"wpforms-field-row-block wpforms-first wpforms-one-half\"><input type=\"text\" id=\"wpforms-151-field_1\" class=\"wpforms-field-name-first wpforms-field-required\" name=\"wpforms[fields][1][first]\" aria-errormessage=\"wpforms-151-field_1-error\" required><label for=\"wpforms-151-field_1\" class=\"wpforms-field-sublabel after\">First<\/label><\/div><div class=\"wpforms-field-row-block wpforms-one-half\"><input type=\"text\" id=\"wpforms-151-field_1-last\" class=\"wpforms-field-name-last wpforms-field-required\" name=\"wpforms[fields][1][last]\" aria-errormessage=\"wpforms-151-field_1-last-error\" required><label for=\"wpforms-151-field_1-last\" class=\"wpforms-field-sublabel after\">Last<\/label><\/div><\/div><\/fieldset><\/div>\t\t<div id=\"wpforms-151-field_4-container\"\n\t\t\tclass=\"wpforms-field wpforms-field-text\"\n\t\t\tdata-field-type=\"text\"\n\t\t\tdata-field-id=\"4\"\n\t\t\t>\n\t\t\t<label class=\"wpforms-field-label\" for=\"wpforms-151-field_4\" >S\u00e4hk\u00f6postiosoite Kysymys Nimi<\/label>\n\t\t\t<input type=\"text\" id=\"wpforms-151-field_4\" class=\"wpforms-field-medium\" name=\"wpforms[fields][4]\" >\n\t\t<\/div>\n\t\t<div id=\"wpforms-151-field_2-container\" class=\"wpforms-field wpforms-field-email\" data-field-id=\"2\"><label class=\"wpforms-field-label\" for=\"wpforms-151-field_2\">S\u00e4hk\u00f6postiosoite<\/label><input type=\"email\" id=\"wpforms-151-field_2\" class=\"wpforms-field-medium\" name=\"wpforms[fields][2]\" spellcheck=\"false\" aria-errormessage=\"wpforms-151-field_2-error\" ><\/div><div id=\"wpforms-151-field_3-container\" class=\"wpforms-field wpforms-field-textarea\" data-field-id=\"3\"><label class=\"wpforms-field-label\" for=\"wpforms-151-field_3\">Kysymys <span class=\"wpforms-required-label\" aria-hidden=\"true\">*<\/span><\/label><textarea id=\"wpforms-151-field_3\" class=\"wpforms-field-medium wpforms-field-required\" name=\"wpforms[fields][3]\" aria-errormessage=\"wpforms-151-field_3-error\" aria-describedby=\"wpforms-151-field_3-description\" required><\/textarea><div id=\"wpforms-151-field_3-description\" class=\"wpforms-field-description\">Kirjoita sinua askarruttava kysymys <\/div><\/div><script>\n\t\t\t\t( function() {\n\t\t\t\t\tconst style = document.createElement( 'style' );\n\t\t\t\t\tstyle.appendChild( document.createTextNode( '#wpforms-151-field_4-container { position: absolute !important; overflow: hidden !important; display: inline !important; height: 1px !important; width: 1px !important; z-index: -1000 !important; padding: 0 !important; } #wpforms-151-field_4-container input { visibility: hidden; } #wpforms-conversational-form-page #wpforms-151-field_4-container label { counter-increment: none; }' ) );\n\t\t\t\t\tdocument.head.appendChild( style );\n\t\t\t\t\tdocument.currentScript?.remove();\n\t\t\t\t} )();\n\t\t\t<\/script><\/div><!-- .wpforms-field-container --><div class=\"wpforms-submit-container\" ><input type=\"hidden\" name=\"wpforms[id]\" value=\"151\"><input type=\"hidden\" name=\"page_title\" value=\"\"><input type=\"hidden\" name=\"page_url\" value=\"https:\/\/metsaammattilaiset.fi\/index.php\/wp-json\/wp\/v2\/pages\/149\"><input type=\"hidden\" name=\"url_referer\" value=\"\"><button type=\"submit\" name=\"wpforms[submit]\" id=\"wpforms-submit-151\" class=\"wpforms-submit\" data-alt-text=\"Sending...\" data-submit-text=\"Submit\" aria-live=\"assertive\" value=\"wpforms-submit\">Submit<\/button><img loading=\"lazy\" decoding=\"async\" src=\"https:\/\/metsaammattilaiset.fi\/wp-content\/plugins\/wpforms-lite\/assets\/images\/submit-spin.svg\" class=\"wpforms-submit-spinner\" style=\"display: none;\" width=\"26\" height=\"26\" alt=\"Loading\"><\/div><\/form><\/div>  <!-- .wpforms-container -->\n\n\n<p><strong>Miksi kannattaa tulla mets\u00e4alalle t\u00f6ihin?<\/strong><\/p>\n\n\n\n<p>Mets\u00e4ala tarjoaa yhdistelm\u00e4n, jota harva ala pystyy tarjoamaan: merkityksellinen ty\u00f6, k\u00e4yt\u00e4nn\u00f6n tekeminen ja tulevaisuuden n\u00e4kym\u00e4t.<\/p>\n\n\n\n<ul class=\"wp-block-list\">\n<li><strong>Ty\u00f6llisyys ja varmuus<\/strong> \u2013 mets\u00e4ala on Suomessa vakaa ja jatkuvasti tarvitseva ala. Ty\u00f6t\u00e4 on tarjolla eri koulutustasoilla ja eri puolilla maata.<\/li>\n\n\n\n<li><strong>Monipuoliset uramahdollisuudet<\/strong> \u2013 voit ty\u00f6skennell\u00e4 maastossa, koneiden parissa, suunnittelussa, tutkimuksessa tai yritt\u00e4j\u00e4n\u00e4.<\/li>\n\n\n\n<li><strong>Vaikutus tulevaisuuteen<\/strong> \u2013 ty\u00f6 liittyy suoraan ilmastoon, luonnon monimuotoisuuteen ja kest\u00e4v\u00e4\u00e4n resurssien k\u00e4ytt\u00f6\u00f6n.<\/li>\n\n\n\n<li><strong>K\u00e4yt\u00e4nn\u00f6nl\u00e4heisyys<\/strong> \u2013 ty\u00f6ss\u00e4 n\u00e4kee konkreettisesti oman k\u00e4den j\u00e4ljen ja ty\u00f6n vaikutukset mets\u00e4n kehitykseen.<\/li>\n\n\n\n<li><strong>Mahdollisuus kehitty\u00e4 ja erikoistua<\/strong> \u2013 ala yhdist\u00e4\u00e4 perinteisen osaamisen ja modernin teknologian, kuten paikkatiedon ja koneautomaation.<\/li>\n<\/ul>\n\n\n\n<p>Lyhyesti: mets\u00e4ala ei ole pelkk\u00e4 ty\u00f6paikka, vaan pitk\u00e4j\u00e4nteinen ja vaikuttava ura, jossa yhdistyv\u00e4t luonto, teknologia ja yhteiskunnallinen merkitys.<\/p>\n","protected":false},"excerpt":{"rendered":"<p>Mietitytt\u00e4\u00e4k\u00f6 sinua jokin metsiin ja metsien k\u00e4ytt\u00f6\u00f6n liittyv\u00e4 asia? Oletko pohtinut, miksi hakkuita tehd\u00e4\u00e4n, miten uusi mets\u00e4 saadaan kasvamaan uudistushakkuiden [&hellip;]<\/p>\n","protected":false},"author":2,"featured_media":0,"parent":0,"menu_order":0,"comment_status":"closed","ping_status":"closed","template":"","meta":{"_bbp_topic_count":0,"_bbp_reply_count":0,"_bbp_total_topic_count":0,"_bbp_total_reply_count":0,"_bbp_voice_count":0,"_bbp_anonymous_reply_count":0,"_bbp_topic_count_hidden":0,"_bbp_reply_count_hidden":0,"_bbp_forum_subforum_count":0,"site-sidebar-layout":"default","site-content-layout":"","ast-site-content-layout":"default","site-content-style":"default","site-sidebar-style":"default","ast-global-header-display":"","ast-banner-title-visibility":"","ast-main-header-display":"","ast-hfb-above-header-display":"","ast-hfb-below-header-display":"","ast-hfb-mobile-header-display":"","site-post-title":"","ast-breadcrumbs-content":"","ast-featured-img":"","footer-sml-layout":"","ast-disable-related-posts":"","theme-transparent-header-meta":"","adv-header-id-meta":"","stick-header-meta":"","header-above-stick-meta":"","header-main-stick-meta":"","header-below-stick-meta":"","astra-migrate-meta-layouts":"default","ast-page-background-enabled":"default","ast-page-background-meta":{"desktop":{"background-color":"var(--ast-global-color-5)","background-image":"","background-repeat":"repeat","background-position":"center center","background-size":"auto","background-attachment":"scroll","background-type":"","background-media":"","overlay-type":"","overlay-color":"","overlay-opacity":"","overlay-gradient":""},"tablet":{"background-color":"","background-image":"","background-repeat":"repeat","background-position":"center center","background-size":"auto","background-attachment":"scroll","background-type":"","background-media":"","overlay-type":"","overlay-color":"","overlay-opacity":"","overlay-gradient":""},"mobile":{"background-color":"","background-image":"","background-repeat":"repeat","background-position":"center center","background-size":"auto","background-attachment":"scroll","background-type":"","background-media":"","overlay-type":"","overlay-color":"","overlay-opacity":"","overlay-gradient":""}},"ast-content-background-meta":{"desktop":{"background-color":"var(--ast-global-color-4)","background-image":"","background-repeat":"repeat","background-position":"center center","background-size":"auto","background-attachment":"scroll","background-type":"","background-media":"","overlay-type":"","overlay-color":"","overlay-opacity":"","overlay-gradient":""},"tablet":{"background-color":"var(--ast-global-color-4)","background-image":"","background-repeat":"repeat","background-position":"center center","background-size":"auto","background-attachment":"scroll","background-type":"","background-media":"","overlay-type":"","overlay-color":"","overlay-opacity":"","overlay-gradient":""},"mobile":{"background-color":"var(--ast-global-color-4)","background-image":"","background-repeat":"repeat","background-position":"center center","background-size":"auto","background-attachment":"scroll","background-type":"","background-media":"","overlay-type":"","overlay-color":"","overlay-opacity":"","overlay-gradient":""}},"footnotes":""},"class_list":["post-149","page","type-page","status-publish","hentry"],"_links":{"self":[{"href":"https:\/\/metsaammattilaiset.fi\/index.php\/wp-json\/wp\/v2\/pages\/149","targetHints":{"allow":["GET"]}}],"collection":[{"href":"https:\/\/metsaammattilaiset.fi\/index.php\/wp-json\/wp\/v2\/pages"}],"about":[{"href":"https:\/\/metsaammattilaiset.fi\/index.php\/wp-json\/wp\/v2\/types\/page"}],"author":[{"embeddable":true,"href":"https:\/\/metsaammattilaiset.fi\/index.php\/wp-json\/wp\/v2\/users\/2"}],"replies":[{"embeddable":true,"href":"https:\/\/metsaammattilaiset.fi\/index.php\/wp-json\/wp\/v2\/comments?post=149"}],"version-history":[{"count":6,"href":"https:\/\/metsaammattilaiset.fi\/index.php\/wp-json\/wp\/v2\/pages\/149\/revisions"}],"predecessor-version":[{"id":350,"href":"https:\/\/metsaammattilaiset.fi\/index.php\/wp-json\/wp\/v2\/pages\/149\/revisions\/350"}],"wp:attachment":[{"href":"https:\/\/metsaammattilaiset.fi\/index.php\/wp-json\/wp\/v2\/media?parent=149"}],"curies":[{"name":"wp","href":"https:\/\/api.w.org\/{rel}","templated":true}]}}